{"id":1512,"date":"2025-03-29T18:27:28","date_gmt":"2025-03-29T18:27:28","guid":{"rendered":"https:\/\/audisalud.com\/webn\/?page_id=1512"},"modified":"2025-03-29T18:28:04","modified_gmt":"2025-03-29T18:28:04","slug":"kit-de-habilitacion","status":"publish","type":"page","link":"https:\/\/audisalud.com\/webn\/kit-de-habilitacion\/","title":{"rendered":"Kit de Habilitaci\u00f3n"},"content":{"rendered":"\t\t<div data-elementor-type=\"wp-page\" data-elementor-id=\"1512\" class=\"elementor elementor-1512\">\n\t\t\t\t<div class=\"elementor-element elementor-element-56bd152c e-flex e-con-boxed e-con e-parent\" data-id=\"56bd152c\" data-element_type=\"container\" data-settings=\"{&quot;background_background&quot;:&quot;classic&quot;}\">\n\t\t\t\t\t<div class=\"e-con-inner\">\n\t\t<div class=\"elementor-element elementor-element-514b7187 e-con-full e-flex e-con e-child\" data-id=\"514b7187\" data-element_type=\"container\">\n\t\t<div class=\"elementor-element elementor-element-29b2f8f e-flex e-con-boxed e-con e-child\" data-id=\"29b2f8f\" data-element_type=\"container\">\n\t\t\t\t\t<div class=\"e-con-inner\">\n\t\t\t\t<div class=\"elementor-element elementor-element-37042f50 elementor-widget elementor-widget-heading\" data-id=\"37042f50\" data-element_type=\"widget\" data-widget_type=\"heading.default\">\n\t\t\t\t<div class=\"elementor-widget-container\">\n\t\t\t\t\t<h1 class=\"elementor-heading-title elementor-size-default\">Kit de Habilitaci\u00f3n<\/h1>\t\t\t\t<\/div>\n\t\t\t\t<\/div>\n\t\t\t\t\t<\/div>\n\t\t\t\t<\/div>\n\t\t\t\t<\/div>\n\t\t\t\t\t<\/div>\n\t\t\t\t<\/div>\n\t\t<div class=\"elementor-element elementor-element-8e88c64 e-flex e-con-boxed e-con e-parent\" data-id=\"8e88c64\" data-element_type=\"container\">\n\t\t\t\t\t<div class=\"e-con-inner\">\n\t\t<div class=\"elementor-element elementor-element-0a3e049 e-con-full e-flex e-con e-child\" data-id=\"0a3e049\" data-element_type=\"container\">\n\t\t<div class=\"elementor-element elementor-element-3c47b64 e-con-full e-flex e-con e-child\" data-id=\"3c47b64\" data-element_type=\"container\">\n\t\t\t\t<div class=\"elementor-element elementor-element-653d5ae elementor-widget elementor-widget-shortcode\" data-id=\"653d5ae\" data-element_type=\"widget\" data-widget_type=\"shortcode.default\">\n\t\t\t\t<div class=\"elementor-widget-container\">\n\t\t\t\t\t\t\t<div class=\"elementor-shortcode\">\n<h3 class=\"rcp_header\">\n\tRegister New Account<\/h3>\n\n\n<form id=\"rcp_registration_form\" class=\"rcp_form\" method=\"POST\" action=\"https:\/\/audisalud.com\/webn\/wp-json\/wp\/v2\/pages\/1512\/\">\n\n\t\t\t<div class=\"rcp_description\"><p>Curso asincr\u00f3nico m\u00e1s de 20 horas. Herramientas y formatos esenciales para cumplir con los requisitos del Sistema \u00danico de Habilitaci\u00f3n. Incluye documentos para adaptar un servicio de consulta externa, curso asincr\u00f3nico, certificado<\/p>\n<\/div>\n\t\n\t\t\t<div class=\"rcp_login_link\">\n\t\t\t<p><a href=\"https:\/\/audisalud.com\/webn\/wp-login.php?redirect_to=https%3A%2F%2Faudisalud.com%2Fwebn%2Fwp-json%2Fwp%2Fv2%2Fpages%2F1512%2F\">Log in<\/a> to renew or change an existing membership.<\/p>\n\t\t<\/div>\n\n\t\t\n\t\t<fieldset class=\"rcp_user_fieldset\">\n\t\t\t<p id=\"rcp_user_login_wrap\">\n\t\t\t\t<label for=\"rcp_user_login\">Username<\/label>\n\t\t\t\t<input name=\"rcp_user_login\" id=\"rcp_user_login\" class=\"required\" type=\"text\" \/>\n\t\t\t<\/p>\n\t\t\t<p id=\"rcp_user_email_wrap\">\n\t\t\t\t<label for=\"rcp_user_email\">Email<\/label>\n\t\t\t\t<input name=\"rcp_user_email\" id=\"rcp_user_email\" class=\"required\" type=\"text\" \/>\n\t\t\t<\/p>\n\t\t\t<p id=\"rcp_user_first_wrap\" class=\"inline\">\n\t\t\t\t<label for=\"rcp_user_first\">First Name<\/label>\n\t\t\t\t<input name=\"rcp_user_first\" id=\"rcp_user_first\" type=\"text\" \/>\n\t\t\t<\/p>\n\t\t\t<p id=\"rcp_user_last_wrap\" class=\"inline-block\">\n\t\t\t\t<label for=\"rcp_user_last\">Last Name<\/label>\n\t\t\t\t<input name=\"rcp_user_last\" id=\"rcp_user_last\" type=\"text\" \/>\n\t\t\t<\/p>\n\t\t\t<p id=\"rcp_password_wrap\" class=\"inline\">\n\t\t\t\t<label for=\"rcp_password\">Password<\/label>\n\t\t\t\t<input name=\"rcp_user_pass\" id=\"rcp_password\" class=\"required\" type=\"password\"\/>\n\t\t\t<\/p>\n\t\t\t<p id=\"rcp_password_again_wrap\" class=\"inline-block\">\n\t\t\t\t<label for=\"rcp_password_again\">Password Again<\/label>\n\t\t\t\t<input name=\"rcp_user_pass_confirm\" id=\"rcp_password_again\" class=\"required\" type=\"password\"\/>\n\t\t\t<\/p>\n\n\t\t\t\n\t\t<\/fieldset>\n\t\n\t\n\t\t\t<div class=\"rcp_registration_total\"><\/div>\n\t\t\t<div class=\"rcp_gateway_fields\">\n\t\t\t\t\t\t\t\t\t\t\t\t<\/div>\n\t\n\t\n\t\n\t\t\t<p id=\"rcp_auto_renew_wrap\">\n\t\t\t<input name=\"rcp_auto_renew\" id=\"rcp_auto_renew\" type=\"checkbox\" \/>\n\t\t\t<label for=\"rcp_auto_renew\">Auto Renew<\/label>\n\t\t<\/p>\n\t\t<input type=\"hidden\" id=\"rcp-registration-type\" name=\"registration_type\" value=\"\" \/>\n\t<input type=\"hidden\" id=\"rcp-membership-id\" name=\"membership_id\" value=\"0\" \/>\n\t<input type=\"hidden\" id=\"rcp-payment-id\" name=\"rcp_registration_payment_id\" value=\"0\" \/>\n\t\n\t\n\t<p id=\"rcp_submit_wrap\">\n\t\t\t\t\t<input type=\"hidden\" name=\"rcp_level\" class=\"rcp_level\" value=\"4\" rel=\"952000\"  \/>\n\t\t\t\t<input type=\"hidden\" name=\"rcp_register_nonce\" value=\"a0d4e54dd1\"\/>\n\t\t<input type=\"submit\" name=\"rcp_submit_registration\" id=\"rcp_submit\" class=\"rcp-button\" value=\"Registro\"\/>\n\t<\/p>\n<\/form>\n<\/div>\n\t\t\t\t\t\t<\/div>\n\t\t\t\t<\/div>\n\t\t\t\t<\/div>\n\t\t<div class=\"elementor-element elementor-element-4200e2e e-con-full e-flex e-con e-child\" data-id=\"4200e2e\" data-element_type=\"container\">\n\t\t\t\t<div class=\"elementor-element elementor-element-a63870e elementor-hidden-mobile elementor-widget elementor-widget-spacer\" data-id=\"a63870e\" data-element_type=\"widget\" data-widget_type=\"spacer.default\">\n\t\t\t\t<div class=\"elementor-widget-container\">\n\t\t\t\t\t\t\t<div class=\"elementor-spacer\">\n\t\t\t<div class=\"elementor-spacer-inner\"><\/div>\n\t\t<\/div>\n\t\t\t\t\t\t<\/div>\n\t\t\t\t<\/div>\n\t\t\t\t<div class=\"elementor-element elementor-element-c3fc99d elementor-widget elementor-widget-image\" data-id=\"c3fc99d\" data-element_type=\"widget\" data-widget_type=\"image.default\">\n\t\t\t\t<div class=\"elementor-widget-container\">\n\t\t\t\t\t\t\t\t\t\t\t\t\t\t\t<img fetchpriority=\"high\" decoding=\"async\" width=\"800\" height=\"671\" src=\"https:\/\/audisalud.com\/webn\/wp-content\/uploads\/2025\/03\/kit-habilitacion.png\" class=\"attachment-large size-large wp-image-1514\" alt=\"\" srcset=\"https:\/\/audisalud.com\/webn\/wp-content\/uploads\/2025\/03\/kit-habilitacion.png 940w, https:\/\/audisalud.com\/webn\/wp-content\/uploads\/2025\/03\/kit-habilitacion-300x251.png 300w, https:\/\/audisalud.com\/webn\/wp-content\/uploads\/2025\/03\/kit-habilitacion-768x644.png 768w, https:\/\/audisalud.com\/webn\/wp-content\/uploads\/2025\/03\/kit-habilitacion-600x503.png 600w\" sizes=\"(max-width: 800px) 100vw, 800px\" \/>\t\t\t\t\t\t\t\t\t\t\t\t\t\t\t<\/div>\n\t\t\t\t<\/div>\n\t\t\t\t<\/div>\n\t\t\t\t<\/div>\n\t\t\t\t\t<\/div>\n\t\t\t\t<\/div>\n\t\t\t\t<\/div>\n\t\t","protected":false},"excerpt":{"rendered":"<p>Kit de Habilitaci\u00f3n<\/p>\n","protected":false},"author":1,"featured_media":0,"parent":0,"menu_order":0,"comment_status":"closed","ping_status":"closed","template":"elementor_header_footer","meta":{"footnotes":""},"class_list":["post-1512","page","type-page","status-publish","hentry"],"_links":{"self":[{"href":"https:\/\/audisalud.com\/webn\/wp-json\/wp\/v2\/pages\/1512","targetHints":{"allow":["GET"]}}],"collection":[{"href":"https:\/\/audisalud.com\/webn\/wp-json\/wp\/v2\/pages"}],"about":[{"href":"https:\/\/audisalud.com\/webn\/wp-json\/wp\/v2\/types\/page"}],"author":[{"embeddable":true,"href":"https:\/\/audisalud.com\/webn\/wp-json\/wp\/v2\/users\/1"}],"replies":[{"embeddable":true,"href":"https:\/\/audisalud.com\/webn\/wp-json\/wp\/v2\/comments?post=1512"}],"version-history":[{"count":0,"href":"https:\/\/audisalud.com\/webn\/wp-json\/wp\/v2\/pages\/1512\/revisions"}],"wp:attachment":[{"href":"https:\/\/audisalud.com\/webn\/wp-json\/wp\/v2\/media?parent=1512"}],"curies":[{"name":"wp","href":"https:\/\/api.w.org\/{rel}","templated":true}]}}